{"id":6255,"date":"2018-08-31T09:15:58","date_gmt":"2018-08-31T09:15:58","guid":{"rendered":"https:\/\/klinkhamerwatersport.nl\/stalling\/"},"modified":"2021-06-23T11:48:46","modified_gmt":"2021-06-23T11:48:46","slug":"winterlager","status":"publish","type":"page","link":"https:\/\/klinkhamerwatersport.nl\/de\/winterlager\/","title":{"rendered":"Winterlager"},"content":{"rendered":"\t\t<div data-elementor-type=\"post\" data-elementor-id=\"6255\" class=\"elementor elementor-6255\" data-elementor-settings=\"[]\">\n\t\t\t<div class=\"elementor-inner\">\n\t\t\t\t<div class=\"elementor-section-wrap\">\n\t\t\t\t\t\t\t<section data-id=\"7c442252\" class=\"elementor-element elementor-element-7c442252 elementor-section-stretched elementor-section-height-min-height elementor-section-boxed elementor-section-height-default elementor-section-items-middle elementor-section elementor-top-section\" data-settings=\"{&quot;stretch_section&quot;:&quot;section-stretched&quot;,&quot;background_background&quot;:&quot;classic&quot;,&quot;shape_divider_bottom&quot;:&quot;wave-brush&quot;}\" data-element_type=\"section\">\n\t\t\t\t\t<div class=\"elementor-shape elementor-shape-bottom\" data-negative=\"false\">\n\t\t\t<svg xmlns=\"http:\/\/www.w3.org\/2000\/svg\" viewBox=\"0 0 283.5 27.8\" preserveAspectRatio=\"none\">\n\t<path class=\"elementor-shape-fill\" d=\"M283.5,9.7c0,0-7.3,4.3-14,4.6c-6.8,0.3-12.6,0-20.9-1.5c-11.3-2-33.1-10.1-44.7-5.7\ts-12.1,4.6-18,7.4c-6.6,3.2-20,9.6-36.6,9.3C131.6,23.5,99.5,7.2,86.3,8c-1.4,0.1-6.6,0.8-10.5,2c-3.8,1.2-9.4,3.8-17,4.7\tc-3.2,0.4-8.3,1.1-14.2,0.9c-1.5-0.1-6.3-0.4-12-1.6c-5.7-1.2-11-3.1-15.8-3.7C6.5,9.2,0,10.8,0,10.8V0h283.5V9.7z M260.8,11.3\tc-0.7-1-2-0.4-4.3-0.4c-2.3,0-6.1-1.2-5.8-1.1c0.3,0.1,3.1,1.5,6,1.9C259.7,12.2,261.4,12.3,260.8,11.3z M242.4,8.6\tc0,0-2.4-0.2-5.6-0.9c-3.2-0.8-10.3-2.8-15.1-3.5c-8.2-1.1-15.8,0-15.1,0.1c0.8,0.1,9.6-0.6,17.6,1.1c3.3,0.7,9.3,2.2,12.4,2.7\tC239.9,8.7,242.4,8.6,242.4,8.6z M185.2,8.5c1.7-0.7-13.3,4.7-18.5,6.1c-2.1,0.6-6.2,1.6-10,2c-3.9,0.4-8.9,0.4-8.8,0.5\tc0,0.2,5.8,0.8,11.2,0c5.4-0.8,5.2-1.1,7.6-1.6C170.5,14.7,183.5,9.2,185.2,8.5z M199.1,6.9c0.2,0-0.8-0.4-4.8,1.1\tc-4,1.5-6.7,3.5-6.9,3.7c-0.2,0.1,3.5-1.8,6.6-3C197,7.5,199,6.9,199.1,6.9z M283,6c-0.1,0.1-1.9,1.1-4.8,2.5s-6.9,2.8-6.7,2.7\tc0.2,0,3.5-0.6,7.4-2.5C282.8,6.8,283.1,5.9,283,6z M31.3,11.6c0.1-0.2-1.9-0.2-4.5-1.2s-5.4-1.6-7.8-2C15,7.6,7.3,8.5,7.7,8.6\tC8,8.7,15.9,8.3,20.2,9.3c2.2,0.5,2.4,0.5,5.7,1.6S31.2,11.9,31.3,11.6z M73,9.2c0.4-0.1,3.5-1.6,8.4-2.6c4.9-1.1,8.9-0.5,8.9-0.8\tc0-0.3-1-0.9-6.2-0.3S72.6,9.3,73,9.2z M71.6,6.7C71.8,6.8,75,5.4,77.3,5c2.3-0.3,1.9-0.5,1.9-0.6c0-0.1-1.1-0.2-2.7,0.2\tC74.8,5.1,71.4,6.6,71.6,6.7z M93.6,4.4c0.1,0.2,3.5,0.8,5.6,1.8c2.1,1,1.8,0.6,1.9,0.5c0.1-0.1-0.8-0.8-2.4-1.3\tC97.1,4.8,93.5,4.2,93.6,4.4z M65.4,11.1c-0.1,0.3,0.3,0.5,1.9-0.2s2.6-1.3,2.2-1.2s-0.9,0.4-2.5,0.8C65.3,10.9,65.5,10.8,65.4,11.1\tz M34.5,12.4c-0.2,0,2.1,0.8,3.3,0.9c1.2,0.1,2,0.1,2-0.2c0-0.3-0.1-0.5-1.6-0.4C36.6,12.8,34.7,12.4,34.5,12.4z M152.2,21.1\tc-0.1,0.1-2.4-0.3-7.5-0.3c-5,0-13.6-2.4-17.2-3.5c-3.6-1.1,10,3.9,16.5,4.1C150.5,21.6,152.3,21,152.2,21.1z\"\/>\n\t<path class=\"elementor-shape-fill\" d=\"M269.6,18c-0.1-0.1-4.6,0.3-7.2,0c-7.3-0.7-17-3.2-16.6-2.9c0.4,0.3,13.7,3.1,17,3.3\tC267.7,18.8,269.7,18,269.6,18z\"\/>\n\t<path class=\"elementor-shape-fill\" d=\"M227.4,9.8c-0.2-0.1-4.5-1-9.5-1.2c-5-0.2-12.7,0.6-12.3,0.5c0.3-0.1,5.9-1.8,13.3-1.2\tS227.6,9.9,227.4,9.8z\"\/>\n\t<path class=\"elementor-shape-fill\" d=\"M204.5,13.4c-0.1-0.1,2-1,3.2-1.1c1.2-0.1,2,0,2,0.3c0,0.3-0.1,0.5-1.6,0.4\tC206.4,12.9,204.6,13.5,204.5,13.4z\"\/>\n\t<path class=\"elementor-shape-fill\" d=\"M201,10.6c0-0.1-4.4,1.2-6.3,2.2c-1.9,0.9-6.2,3.1-6.1,3.1c0.1,0.1,4.2-1.6,6.3-2.6\tS201,10.7,201,10.6z\"\/>\n\t<path class=\"elementor-shape-fill\" d=\"M154.5,26.7c-0.1-0.1-4.6,0.3-7.2,0c-7.3-0.7-17-3.2-16.6-2.9c0.4,0.3,13.7,3.1,17,3.3\tC152.6,27.5,154.6,26.8,154.5,26.7z\"\/>\n\t<path class=\"elementor-shape-fill\" d=\"M41.9,19.3c0,0,1.2-0.3,2.9-0.1c1.7,0.2,5.8,0.9,8.2,0.7c4.2-0.4,7.4-2.7,7-2.6\tc-0.4,0-4.3,2.2-8.6,1.9c-1.8-0.1-5.1-0.5-6.7-0.4S41.9,19.3,41.9,19.3z\"\/>\n\t<path class=\"elementor-shape-fill\" d=\"M75.5,12.6c0.2,0.1,2-0.8,4.3-1.1c2.3-0.2,2.1-0.3,2.1-0.5c0-0.1-1.8-0.4-3.4,0\tC76.9,11.5,75.3,12.5,75.5,12.6z\"\/>\n\t<path class=\"elementor-shape-fill\" d=\"M15.6,13.2c0-0.1,4.3,0,6.7,0.5c2.4,0.5,5,1.9,5,2c0,0.1-2.7-0.8-5.1-1.4\tC19.9,13.7,15.7,13.3,15.6,13.2z\"\/>\n<\/svg>\t\t<\/div>\n\t\t\t\t\t<div class=\"elementor-container elementor-column-gap-default\">\n\t\t\t\t<div class=\"elementor-row\">\n\t\t\t\t<div data-id=\"37e029e\" class=\"elementor-element elementor-element-37e029e elementor-column elementor-col-100 elementor-top-column\" data-element_type=\"column\">\n\t\t\t<div class=\"elementor-column-wrap\">\n\t\t\t\t\t<div class=\"elementor-widget-wrap\">\n\t\t\t\t\t\t<\/div>\n\t\t\t<\/div>\n\t\t<\/div>\n\t\t\t\t\t\t<\/div>\n\t\t\t<\/div>\n\t\t<\/section>\n\t\t\t\t<section data-id=\"2d8dfbc\" class=\"elementor-element elementor-element-2d8dfbc elementor-section-boxed elementor-section-height-default elementor-section-height-default elementor-section elementor-top-section\" data-element_type=\"section\">\n\t\t\t\t\t\t<div class=\"elementor-container elementor-column-gap-default\">\n\t\t\t\t<div class=\"elementor-row\">\n\t\t\t\t<div data-id=\"30c6190\" class=\"elementor-element elementor-element-30c6190 elementor-column elementor-col-100 elementor-top-column\" data-element_type=\"column\">\n\t\t\t<div class=\"elementor-column-wrap  elementor-element-populated\">\n\t\t\t\t\t<div class=\"elementor-widget-wrap\">\n\t\t\t\t<div data-id=\"1dc028d\" class=\"elementor-element elementor-element-1dc028d elementor-widget elementor-widget-heading\" data-element_type=\"heading.default\">\n\t\t\t\t<div class=\"elementor-widget-container\">\n\t\t\t<h2 class=\"elementor-heading-title elementor-size-default\">Winterlager<\/h2>\t\t<\/div>\n\t\t\t\t<\/div>\n\t\t\t\t<div data-id=\"6bd7f61\" class=\"elementor-element elementor-element-6bd7f61 elementor-widget elementor-widget-text-editor\" data-element_type=\"text-editor.default\">\n\t\t\t\t<div class=\"elementor-widget-container\">\n\t\t\t\t\t<div class=\"elementor-text-editor elementor-clearfix\"><p>Nach einem sch\u00f6nen Sommer mit vielen Stunden auf dem Wasser ist es Zeit, das Boot gegen Frost- und Sturmsch\u00e4den zu lagern, damit Sie Ihr Boot im n\u00e4chsten Jahr wieder in vollen Z\u00fcgen genie\u00dfen k\u00f6nnen. Winterlager bei Klinkhamer Watersport in Vinkeveen bedeutet nicht nur guten Service im Sommer, sondern auch im Winter gute Pflege f\u00fcr Ihr Boot, und das zu einem g\u00fcnstigen Preis!<\/p><p>Das Winterlager von Klinkhamer Watersport liegt perfekt zwischen Utrecht und Amsterdam und in der N\u00e4he von Hilversum und Loosdrecht, gut erreichbar f\u00fcr viele Bootseigner. Durch die g\u00fcnstige Lage sind Sie immer in der N\u00e4he Ihres Bootes.<\/p><p><strong>Liegeplatz Vinkeveen<\/strong><\/p><p>Sie k\u00f6nnen uns auch f\u00fcr die <a href=\"https:\/\/klinkhamerwatersport.nl\/de\/wartung\/\">Wartung<\/a> Ihres Bootes kontaktieren. Wir k\u00fcmmern uns um die Wintervorbereitung, Antifouling und Motorwartung, w\u00e4hrend sich Ihr Boot in unserem Winterlager befindet. Mit unserem zuverl\u00e4ssigen Winterlager in Vinkeveen sorgen wir daf\u00fcr, dass Sie Ihr Boot im n\u00e4chsten Jahr wieder in vollen Z\u00fcgen genie\u00dfen.<\/p><p>Wir k\u00f6nnen das alles f\u00fcr Sie \u00fcbernehmen, aber Sie k\u00f6nnen auch selbst an Ihrem Boot arbeiten. Wir stehen Ihnen jederzeit mit Rat und Tat zur Seite.<\/p><p>F\u00fcr die Winterlagerung im Freien berechnen wir \u20ac 32,50 pro m\u00b2. Dazu geh\u00f6ren das Heben, Spr\u00fchen, Reinigen und Verstauen Ihres Bootes.\u00a0<\/p><p>M\u00f6chten Sie sicher sein, dass Ihr Boot diesen Winter einen Platz hat? Buchen Sie noch heute!<\/p><\/div>\n\t\t\t\t<\/div>\n\t\t\t\t<\/div>\n\t\t\t\t\t\t<\/div>\n\t\t\t<\/div>\n\t\t<\/div>\n\t\t\t\t\t\t<\/div>\n\t\t\t<\/div>\n\t\t<\/section>\n\t\t\t\t<section data-id=\"1333a352\" class=\"elementor-element elementor-element-1333a352 elementor-section-stretched elementor-section-boxed elementor-section-height-default elementor-section-height-default elementor-section elementor-top-section\" data-settings=\"{&quot;background_background&quot;:&quot;classic&quot;,&quot;stretch_section&quot;:&quot;section-stretched&quot;}\" data-element_type=\"section\">\n\t\t\t\t\t\t<div class=\"elementor-container elementor-column-gap-default\">\n\t\t\t\t<div class=\"elementor-row\">\n\t\t\t\t<div data-id=\"6ba596e3\" class=\"elementor-element elementor-element-6ba596e3 elementor-column elementor-col-50 elementor-top-column\" data-element_type=\"column\">\n\t\t\t<div class=\"elementor-column-wrap  elementor-element-populated\">\n\t\t\t\t\t<div class=\"elementor-widget-wrap\">\n\t\t\t\t<div data-id=\"67faa4ce\" class=\"elementor-element elementor-element-67faa4ce elementor-widget elementor-widget-heading\" data-element_type=\"heading.default\">\n\t\t\t\t<div class=\"elementor-widget-container\">\n\t\t\t<h3 class=\"elementor-heading-title elementor-size-default\">Berechnen Sie Ihr Angebot<\/h3>\t\t<\/div>\n\t\t\t\t<\/div>\n\t\t\t\t<div data-id=\"7578100f\" class=\"elementor-element elementor-element-7578100f elementor-widget elementor-widget-text-editor\" data-element_type=\"text-editor.default\">\n\t\t\t\t<div class=\"elementor-widget-container\">\n\t\t\t\t\t<div class=\"elementor-text-editor elementor-clearfix\">M\u00f6chten Sie mehr wissen oder m\u00f6chten Sie uns besuchen? Sie k\u00f6nnen uns jederzeit <a href=\"tel:0294 291 545\"><span style=\"color: #d9d9d9;\">anrufen<\/span><\/a> oder eine E-Mail an <a href=\"mailto:info@klinkhamerwatersport.nl\"><span style=\"color: #d9d9d9;\">info@klinkhamerwatersport.nl<\/span><\/a> senden.<\/div>\n\t\t\t\t<\/div>\n\t\t\t\t<\/div>\n\t\t\t\t\t\t<\/div>\n\t\t\t<\/div>\n\t\t<\/div>\n\t\t\t\t<div data-id=\"4b5e5c65\" class=\"elementor-element elementor-element-4b5e5c65 elementor-column elementor-col-50 elementor-top-column\" data-element_type=\"column\">\n\t\t\t<div class=\"elementor-column-wrap  elementor-element-populated\">\n\t\t\t\t\t<div class=\"elementor-widget-wrap\">\n\t\t\t\t<div data-id=\"45fe8dad\" class=\"elementor-element elementor-element-45fe8dad elementor-widget elementor-widget-jet-button\" data-element_type=\"jet-button.default\">\n\t\t\t\t<div class=\"elementor-widget-container\">\n\t\t\t<div class=\"elementor-jet-button jet-elements\"><div class=\"jet-button__container\">\n\t<a class=\"jet-button__instance jet-button__instance--icon-right hover-effect-1\" href=\"http:\/\/bootstallingdrv.nl\/Prijzen.aspx\" target=\"_blank\">\n\t\t<div class=\"jet-button__plane jet-button__plane-normal\"><\/div>\n\t\t<div class=\"jet-button__plane jet-button__plane-hover\"><\/div>\n\t\t<div class=\"jet-button__state jet-button__state-normal\">\n\t\t\t<span class=\"jet-button__icon\"><i class=\"nc-icon-outline arrows-1_bold-right\"><\/i><\/span><span class=\"jet-button__label\">Angebot anfordern<\/span>\t\t<\/div>\n\t\t<div class=\"jet-button__state jet-button__state-hover\">\n\t\t\t<span class=\"jet-button__icon\"><i class=\"nc-icon-outline arrows-1_bold-right\"><\/i><\/span><span class=\"jet-button__label\">Maak uw offerte<\/span>\t\t<\/div>\n\t<\/a>\n<\/div>\n<\/div>\t\t<\/div>\n\t\t\t\t<\/div>\n\t\t\t\t\t\t<\/div>\n\t\t\t<\/div>\n\t\t<\/div>\n\t\t\t\t\t\t<\/div>\n\t\t\t<\/div>\n\t\t<\/section>\n\t\t\t\t\t\t<\/div>\n\t\t\t<\/div>\n\t\t<\/div>\n\t\t","protected":false},"excerpt":{"rendered":"<p>Winterlager Nach einem sch\u00f6nen Sommer mit vielen Stunden auf dem Wasser ist es Zeit, das Boot gegen Frost- und Sturmsch\u00e4den zu lagern, damit Sie Ihr Boot im n\u00e4chsten Jahr wieder in vollen Z\u00fcgen genie\u00dfen k\u00f6nnen. Winterlager bei Klinkhamer Watersport in Vinkeveen bedeutet nicht nur guten Service im Sommer, sondern auch im Winter gute Pflege f\u00fcr &hellip;<\/p>\n","protected":false},"author":2,"featured_media":0,"parent":0,"menu_order":0,"comment_status":"closed","ping_status":"closed","template":"","meta":{"footnotes":""},"class_list":["post-6255","page","type-page","status-publish","hentry","no-thumb"],"_links":{"self":[{"href":"https:\/\/klinkhamerwatersport.nl\/de\/wp-json\/wp\/v2\/pages\/6255\/"}],"collection":[{"href":"https:\/\/klinkhamerwatersport.nl\/de\/wp-json\/wp\/v2\/pages\/"}],"about":[{"href":"https:\/\/klinkhamerwatersport.nl\/de\/wp-json\/wp\/v2\/types\/page\/"}],"author":[{"embeddable":true,"href":"https:\/\/klinkhamerwatersport.nl\/de\/wp-json\/wp\/v2\/users\/2\/"}],"replies":[{"embeddable":true,"href":"https:\/\/klinkhamerwatersport.nl\/de\/wp-json\/wp\/v2\/comments\/?post=6255"}],"version-history":[{"count":4,"href":"https:\/\/klinkhamerwatersport.nl\/de\/wp-json\/wp\/v2\/pages\/6255\/revisions\/"}],"predecessor-version":[{"id":6622,"href":"https:\/\/klinkhamerwatersport.nl\/de\/wp-json\/wp\/v2\/pages\/6255\/revisions\/6622\/"}],"wp:attachment":[{"href":"https:\/\/klinkhamerwatersport.nl\/de\/wp-json\/wp\/v2\/media\/?parent=6255"}],"curies":[{"name":"wp","href":"https:\/\/api.w.org\/{rel}","templated":true}]}}